{"id":1202,"date":"2020-04-29T09:49:32","date_gmt":"2020-04-29T09:49:32","guid":{"rendered":"https:\/\/www.camping-etang.fr\/politica-de-privacidad\/"},"modified":"2025-10-22T08:02:00","modified_gmt":"2025-10-22T08:02:00","slug":"politica-de-privacidad","status":"publish","type":"page","link":"https:\/\/www.camping-etang.fr\/es\/politica-de-privacidad\/","title":{"rendered":"Pol\u00edtica de privacidad"},"content":{"rendered":"\t\t<div data-elementor-type=\"wp-page\" data-elementor-id=\"1202\" class=\"elementor elementor-1202 elementor-17\" data-elementor-post-type=\"page\">\n\t\t\t\t\t\t<section class=\"elementor-section elementor-top-section elementor-element elementor-element-0006722 elementor-section-boxed elementor-section-height-default elementor-section-height-default\" data-id=\"0006722\" data-element_type=\"section\" data-e-type=\"section\">\n\t\t\t\t\t\t<div class=\"elementor-container elementor-column-gap-default\">\n\t\t\t\t\t<div class=\"elementor-column elementor-col-100 elementor-top-column elementor-element elementor-element-20601fe\" data-id=\"20601fe\" data-element_type=\"column\" data-e-type=\"column\">\n\t\t\t<div class=\"elementor-widget-wrap elementor-element-populated\">\n\t\t\t\t\t\t<div class=\"elementor-element elementor-element-e37374b elementor-widget elementor-widget-spacer\" data-id=\"e37374b\" data-element_type=\"widget\" data-e-type=\"widget\" data-widget_type=\"spacer.default\">\n\t\t\t\t<div class=\"elementor-widget-container\">\n\t\t\t\t\t\t\t<div class=\"elementor-spacer\">\n\t\t\t<div class=\"elementor-spacer-inner\"><\/div>\n\t\t<\/div>\n\t\t\t\t\t\t<\/div>\n\t\t\t\t<\/div>\n\t\t\t\t<div class=\"elementor-element elementor-element-9b04d17 elementor-widget elementor-widget-heading\" data-id=\"9b04d17\" data-element_type=\"widget\" data-e-type=\"widget\" data-widget_type=\"heading.default\">\n\t\t\t\t<div class=\"elementor-widget-container\">\n\t\t\t\t\t<h1 class=\"elementor-heading-title elementor-size-default\">Pol\u00edtica de privacidad<\/h1>\t\t\t\t<\/div>\n\t\t\t\t<\/div>\n\t\t\t\t<div class=\"elementor-element elementor-element-7316742 elementor-widget elementor-widget-text-editor\" data-id=\"7316742\" data-element_type=\"widget\" data-e-type=\"widget\" data-widget_type=\"text-editor.default\">\n\t\t\t\t<div class=\"elementor-widget-container\">\n\t\t\t\t\t\t\t\t\t<h3>Definiciones:<\/h3><p><strong>El Editor<\/strong>: La persona, f\u00edsica o jur\u00eddica, que edita los servicios de comunicaci\u00f3n al p\u00fablico en l\u00ednea.<br><strong>El Sitio<\/strong>: El conjunto de sitios, p\u00e1ginas de Internet y servicios en l\u00ednea ofrecidos por el Editor.<br><strong>El Usuario<\/strong>: La persona que utiliza el Sitio y los servicios.<\/p><h3>Naturaleza de los datos recopilados<\/h3><p><strong>En el marco del uso de los Sitios, el Editor puede recopilar las siguientes categor\u00edas de datos sobre sus Usuarios:<\/strong><\/p><p>Datos de estado civil, identidad, identificaci\u00f3n&#8230;<\/p><p>Datos de conexi\u00f3n (direcciones IP, registros de eventos&#8230;)<\/p><h3>Comunicaci\u00f3n de datos personales a terceros<\/h3><p><strong>Sin comunicaci\u00f3n a terceros <\/strong><\/p><p>Sus datos no se comunican a terceros. Sin embargo, se le informa que podr\u00e1n ser divulgados en aplicaci\u00f3n de una ley, un reglamento o en virtud de una decisi\u00f3n de una autoridad reguladora o judicial competente. <\/p><h3>Informaci\u00f3n previa para la comunicaci\u00f3n de datos personales a terceros en caso de fusi\u00f3n\/absorci\u00f3n<\/h3><p><strong>Recopilaci\u00f3n del opt-in (consentimiento) previo a la transmisi\u00f3n de datos tras una fusi\u00f3n\/adquisici\u00f3n <\/strong><\/p><p>En caso de que participemos en una operaci\u00f3n de fusi\u00f3n, adquisici\u00f3n o cualquier otra forma de cesi\u00f3n de activos, nos comprometemos a obtener su consentimiento previo para la transmisi\u00f3n de sus datos personales y a mantener el nivel de confidencialidad de sus datos personales al que ha consentido.<\/p><h3>Finalidad de la reutilizaci\u00f3n de los datos personales recopilados<\/h3><p><strong>Realizar las operaciones relativas a la gesti\u00f3n de clientes concernientes a <\/strong><\/p><ul><li>los contratos; los pedidos; las entregas; las facturas; la contabilidad y en particular la gesti\u00f3n de las cuentas de clientes<\/li><li>un programa de fidelizaci\u00f3n dentro de una o varias entidades jur\u00eddicas;<\/li><li>el seguimiento de la relaci\u00f3n con el cliente como la realizaci\u00f3n de encuestas de satisfacci\u00f3n, la gesti\u00f3n de reclamaciones y del servicio posventa<\/li><li>la selecci\u00f3n de clientes para realizar estudios, sondeos y pruebas de productos (salvo consentimiento de las personas afectadas recogido en las condiciones previstas en el art\u00edculo 6, estas operaciones no deben conducir al establecimiento de perfiles susceptibles de revelar datos sensibles &#8211; or\u00edgenes raciales o \u00e9tnicos, opiniones filos\u00f3ficas, pol\u00edticas, sindicales, religiosas, vida sexual o salud de las personas)<\/li><\/ul><p><strong>La gesti\u00f3n de las solicitudes de derecho de acceso, rectificaci\u00f3n y oposici\u00f3n<\/strong><\/p><h3>Agregaci\u00f3n de datos<\/h3><p><strong>Agregaci\u00f3n con datos no personales<\/strong><br>Podemos publicar, divulgar y utilizar la informaci\u00f3n agregada (informaci\u00f3n relativa a todos nuestros Usuarios o a grupos o categor\u00edas espec\u00edficas de Usuarios que combinamos de manera que un Usuario individual no pueda ser identificado o mencionado) y la informaci\u00f3n no personal para an\u00e1lisis del sector y del mercado, perfilado demogr\u00e1fico, con fines promocionales y publicitarios y para otros fines comerciales.<\/p><p><strong>Agregaci\u00f3n con datos personales disponibles en las cuentas sociales del Usuario<\/strong><br>Si conectas tu cuenta a una cuenta de otro servicio para hacer env\u00edos cruzados, dicho servicio podr\u00e1 comunicarnos tu informaci\u00f3n de perfil, de conexi\u00f3n, as\u00ed como cualquier otra informaci\u00f3n cuya divulgaci\u00f3n hayas autorizado. Podemos agregar la informaci\u00f3n relativa a todos nuestros otros Usuarios, grupos, cuentas, a los datos personales disponibles sobre el Usuario. <\/p><h3>Recopilaci\u00f3n de datos de identidad<\/h3><p><strong>Consulta libre <\/strong><\/p><p>La consulta del Sitio no requiere inscripci\u00f3n ni identificaci\u00f3n previa. Puede realizarse sin que comuniques datos nominativos que te conciernan (nombre, apellidos, direcci\u00f3n, etc.). No realizamos ning\u00fan registro de datos nominativos para la simple consulta del Sitio.  <\/p><h3>Recopilaci\u00f3n de datos de identificaci\u00f3n<\/h3><p><strong>Uso del identificador del usuario \u00fanicamente para el acceso a los servicios <\/strong><\/p><p>Utilizamos tus identificadores electr\u00f3nicos solamente para y durante la ejecuci\u00f3n del contrato.<\/p><h3>Recopilaci\u00f3n de datos del terminal<\/h3><p><strong>Recopilaci\u00f3n de datos de perfilado y datos t\u00e9cnicos para la prestaci\u00f3n del servicio <\/strong><\/p><p>Algunos datos t\u00e9cnicos de tu dispositivo se recopilan autom\u00e1ticamente por el Sitio. Esta informaci\u00f3n incluye en particular tu direcci\u00f3n IP, proveedor de acceso a Internet, configuraci\u00f3n de hardware, configuraci\u00f3n de software, tipo y lengua del navegador&#8230; La recopilaci\u00f3n de estos datos es necesaria para la prestaci\u00f3n de los servicios.  <\/p><p><strong>Recopilaci\u00f3n de datos t\u00e9cnicos con fines publicitarios, comerciales y estad\u00edsticos <\/strong><\/p><p>Los datos t\u00e9cnicos de tu dispositivo se recopilan y registran autom\u00e1ticamente por el Sitio, con fines publicitarios, comerciales y estad\u00edsticos. Estos datos nos ayudan a personalizar y mejorar continuamente tu experiencia en nuestro Sitio. No recopilamos ni conservamos ning\u00fan dato nominativo (nombre, apellidos, direcci\u00f3n&#8230;) que pudiera estar vinculado a un dato t\u00e9cnico. Los datos recopilados pueden ser revendidos a terceros.   <\/p><h3>Cookies<\/h3><p><strong>Duraci\u00f3n de conservaci\u00f3n de las cookies<\/strong><br>De acuerdo con las recomendaciones de la CNIL, la duraci\u00f3n m\u00e1xima de conservaci\u00f3n de las cookies es de 13 meses como m\u00e1ximo despu\u00e9s de su primer dep\u00f3sito en el terminal del Usuario, al igual que la duraci\u00f3n de la validez del consentimiento del Usuario para el uso de estas cookies. La vida \u00fatil de las cookies no se prolonga en cada visita. El consentimiento del Usuario deber\u00e1 ser renovado al t\u00e9rmino de este plazo.  <\/p><p><strong>Finalidad de las cookies<\/strong><br>Las cookies pueden utilizarse con fines estad\u00edsticos, especialmente para optimizar los servicios prestados al Usuario, a partir del tratamiento de la informaci\u00f3n relativa a la frecuencia de acceso, la personalizaci\u00f3n de las p\u00e1ginas as\u00ed como las operaciones realizadas y la informaci\u00f3n consultada.<br>Se te informa que el Editor puede depositar cookies en tu terminal. La cookie registra informaci\u00f3n relativa a la navegaci\u00f3n en el servicio (las p\u00e1ginas que has consultado, la fecha y hora de la consulta&#8230;) que podremos leer durante tus visitas posteriores. <\/p><p><strong>Derecho del Usuario a rechazar las cookies <\/strong><\/p><p>Reconoces haber sido informado de que el Editor puede utilizar cookies. Si no deseas que se utilicen cookies en tu terminal, la mayor\u00eda de los navegadores te permiten desactivar las cookies a trav\u00e9s de las opciones de configuraci\u00f3n. <\/p><h3>Conservaci\u00f3n de datos t\u00e9cnicos<\/h3><p><strong>Duraci\u00f3n de conservaci\u00f3n de los datos t\u00e9cnicos<\/strong><br>Los datos t\u00e9cnicos se conservan durante el tiempo estrictamente necesario para la realizaci\u00f3n de los fines mencionados anteriormente.<\/p><h3>Plazo de conservaci\u00f3n de los datos personales y de anonimizaci\u00f3n<\/h3><p><strong>Conservaci\u00f3n de los datos durante la duraci\u00f3n de la relaci\u00f3n contractual <\/strong><\/p><p>De conformidad con el art\u00edculo 6-5\u00b0 de la ley n\u00b078-17 del 6 de enero de 1978 relativa a la inform\u00e1tica, los archivos y las libertades, los datos de car\u00e1cter personal objeto de un tratamiento no se conservan m\u00e1s all\u00e1 del tiempo necesario para la ejecuci\u00f3n de las obligaciones definidas en la conclusi\u00f3n del contrato o de la duraci\u00f3n predefinida de la relaci\u00f3n contractual.<\/p><p><strong>Conservaci\u00f3n de los datos anonimizados m\u00e1s all\u00e1 de la relaci\u00f3n contractual\/despu\u00e9s de la eliminaci\u00f3n de la cuenta <\/strong><\/p><p>Conservamos los datos personales durante el tiempo estrictamente necesario para la realizaci\u00f3n de los fines descritos en las presentes CGU. M\u00e1s all\u00e1 de este plazo, ser\u00e1n anonimizados y conservados con fines exclusivamente estad\u00edsticos y no dar\u00e1n lugar a ninguna explotaci\u00f3n, de cualquier naturaleza que sea. <\/p><p><strong>Eliminaci\u00f3n de los datos tras la eliminaci\u00f3n de la cuenta<\/strong><br>Se implementan medios de purga de datos para prever su eliminaci\u00f3n efectiva tan pronto como se alcance la duraci\u00f3n de conservaci\u00f3n o archivo necesaria para el cumplimiento de los fines determinados o impuestos. De conformidad con la ley n\u00b078-17 del 6 de enero de 1978 relativa a la inform\u00e1tica, los archivos y las libertades, dispones adem\u00e1s de un derecho de supresi\u00f3n sobre tus datos que puedes ejercer en cualquier momento poni\u00e9ndote en contacto con el Editor. <\/p><p><strong>Eliminaci\u00f3n de los datos tras 3 a\u00f1os de inactividad<\/strong><br>Por razones de seguridad, si no te has autenticado en el Sitio durante un per\u00edodo de tres a\u00f1os, recibir\u00e1s un correo electr\u00f3nico invit\u00e1ndote a conectarte lo antes posible, de lo contrario tus datos ser\u00e1n eliminados de nuestras bases de datos.<\/p><h3>Eliminaci\u00f3n de la cuenta<\/h3><p><strong>Eliminaci\u00f3n de la cuenta a petici\u00f3n<\/strong><br>El Usuario tiene la posibilidad de eliminar su Cuenta en cualquier momento, mediante simple solicitud al Editor O mediante el men\u00fa de eliminaci\u00f3n de Cuenta presente en los ajustes de la Cuenta, en su caso.<\/p><p><strong>Eliminaci\u00f3n de la cuenta en caso de violaci\u00f3n de las CGU<\/strong><br>En caso de violaci\u00f3n de una o varias disposiciones de las CGU o de cualquier otro documento incorporado a las presentes por referencia, el Editor se reserva el derecho de terminar o restringir sin ning\u00fan aviso previo y a su sola discreci\u00f3n, tu uso y acceso a los servicios, a tu cuenta y a todos los Sitios.<\/p><h3>Indicaciones en caso de fallo de seguridad detectado por el Editor<\/h3><p><strong>Informaci\u00f3n al Usuario en caso de fallo de seguridad<\/strong><br>Nos comprometemos a implementar todas las medidas t\u00e9cnicas y organizativas apropiadas para garantizar un nivel de seguridad adaptado frente a los riesgos de acceso accidental, no autorizado o ilegal, de divulgaci\u00f3n, alteraci\u00f3n, p\u00e9rdida o incluso destrucci\u00f3n de los datos personales que te conciernen. En el caso de que tengamos conocimiento de un acceso ilegal a los datos personales que te conciernen almacenados en nuestros servidores o los de nuestros prestadores, o de un acceso no autorizado que tenga como consecuencia la realizaci\u00f3n de los riesgos identificados anteriormente, nos comprometemos a: <\/p><ul><li>Notificarte el incidente en el menor plazo posible;<\/li><li>Examinar las causas del incidente e informarte al respecto;<\/li><li>Tomar las medidas necesarias dentro de lo razonable para reducir los efectos negativos y perjuicios que puedan resultar de dicho incidente<\/li><\/ul><p><strong>Limitaci\u00f3n de la responsabilidad<\/strong><br>En ning\u00fan caso los compromisos definidos en el punto anterior relativos a la notificaci\u00f3n en caso de fallo de seguridad pueden ser asimilados a un reconocimiento de falta o de responsabilidad en cuanto a la ocurrencia del incidente en cuesti\u00f3n.<\/p><h3>Transferencia de datos personales al extranjero<\/h3><p><strong>Sin transferencia fuera de la Uni\u00f3n Europea <\/strong><\/p><p>El Editor se compromete a no transferir los datos personales de sus Usuarios fuera de la Uni\u00f3n Europea.<\/p><h3>Modificaci\u00f3n de las CGU y de la pol\u00edtica de privacidad<\/h3><p><strong>En caso de modificaci\u00f3n de las presentes CGU, compromiso de no reducir el nivel de confidencialidad de manera sustancial sin la informaci\u00f3n previa de las personas afectadas<\/strong><br>Nos comprometemos a informarte en caso de modificaci\u00f3n sustancial de las presentes CGU, y a no reducir el nivel de confidencialidad de tus datos de manera sustancial sin informarte y obtener tu consentimiento.<\/p><h3>Derecho aplicable y modalidades de recurso<\/h3><p><strong>Cl\u00e1usula de arbitraje <\/strong><\/p><p>Aceptas expresamente que cualquier litigio susceptible de surgir como consecuencia de las presentes CGU, especialmente de su interpretaci\u00f3n o ejecuci\u00f3n, se someter\u00e1 a un procedimiento de arbitraje sujeto al reglamento de la plataforma de arbitraje elegida de com\u00fan acuerdo, al cual te adherir\u00e1s sin reservas.<\/p><h3>Portabilidad de los datos<\/h3><p><strong>Portabilidad de los datos <\/strong><\/p><p>El Editor se compromete a ofrecerte la posibilidad de que se te restituyan todos los datos que te conciernen mediante simple solicitud. El Usuario tiene as\u00ed garantizado un mejor control de sus datos, y conserva la posibilidad de reutilizarlos. Estos datos deber\u00e1n ser proporcionados en un formato abierto y f\u00e1cilmente reutilizable.  <\/p><p>[render_cookies_list]<\/p><p>[ultimate_gdpr_cookie_popup]Modificar tus opciones sobre las cookies[\/ultimate_gdpr_cookie_popup]<\/p>\t\t\t\t\t\t\t\t<\/div>\n\t\t\t\t<\/div>\n\t\t\t\t\t<\/div>\n\t\t<\/div>\n\t\t\t\t\t<\/div>\n\t\t<\/section>\n\t\t\t\t<\/div>\n\t\t","protected":false},"excerpt":{"rendered":"<p>Pol\u00edtica de privacidad Definiciones: El Editor: La persona, f\u00edsica o jur\u00eddica, que edita los servicios de comunicaci\u00f3n al p\u00fablico en l\u00ednea.El Sitio: El conjunto de sitios, p\u00e1ginas de Internet y servicios en l\u00ednea ofrecidos por el Editor.El Usuario: La persona que utiliza el Sitio y los servicios. Naturaleza de los datos recopilados En el marco [&hellip;]<\/p>\n","protected":false},"author":2,"featured_media":0,"parent":0,"menu_order":0,"comment_status":"closed","ping_status":"closed","template":"elementor_header_footer","meta":{"footnotes":""},"class_list":["post-1202","page","type-page","status-publish","hentry"],"_links":{"self":[{"href":"https:\/\/www.camping-etang.fr\/es\/wp-json\/wp\/v2\/pages\/1202","targetHints":{"allow":["GET"]}}],"collection":[{"href":"https:\/\/www.camping-etang.fr\/es\/wp-json\/wp\/v2\/pages"}],"about":[{"href":"https:\/\/www.camping-etang.fr\/es\/wp-json\/wp\/v2\/types\/page"}],"author":[{"embeddable":true,"href":"https:\/\/www.camping-etang.fr\/es\/wp-json\/wp\/v2\/users\/2"}],"replies":[{"embeddable":true,"href":"https:\/\/www.camping-etang.fr\/es\/wp-json\/wp\/v2\/comments?post=1202"}],"version-history":[{"count":1,"href":"https:\/\/www.camping-etang.fr\/es\/wp-json\/wp\/v2\/pages\/1202\/revisions"}],"predecessor-version":[{"id":1203,"href":"https:\/\/www.camping-etang.fr\/es\/wp-json\/wp\/v2\/pages\/1202\/revisions\/1203"}],"wp:attachment":[{"href":"https:\/\/www.camping-etang.fr\/es\/wp-json\/wp\/v2\/media?parent=1202"}],"curies":[{"name":"wp","href":"https:\/\/api.w.org\/{rel}","templated":true}]}}