{"id":1155,"date":"2020-04-29T09:47:22","date_gmt":"2020-04-29T09:47:22","guid":{"rendered":"https:\/\/www.camping-etang.fr\/aviso-legal\/"},"modified":"2025-10-22T07:59:26","modified_gmt":"2025-10-22T07:59:26","slug":"aviso-legal","status":"publish","type":"page","link":"https:\/\/www.camping-etang.fr\/es\/aviso-legal\/","title":{"rendered":"Aviso legal"},"content":{"rendered":"\t\t<div data-elementor-type=\"wp-page\" data-elementor-id=\"1155\" class=\"elementor elementor-1155 elementor-10\" data-elementor-post-type=\"page\">\n\t\t\t\t\t\t<section class=\"elementor-section elementor-top-section elementor-element elementor-element-d421994 elementor-section-boxed elementor-section-height-default elementor-section-height-default\" data-id=\"d421994\" data-element_type=\"section\" data-e-type=\"section\">\n\t\t\t\t\t\t<div class=\"elementor-container elementor-column-gap-default\">\n\t\t\t\t\t<div class=\"elementor-column elementor-col-100 elementor-top-column elementor-element elementor-element-08238b5\" data-id=\"08238b5\" data-element_type=\"column\" data-e-type=\"column\">\n\t\t\t<div class=\"elementor-widget-wrap elementor-element-populated\">\n\t\t\t\t\t\t<div class=\"elementor-element elementor-element-0c895af elementor-widget elementor-widget-spacer\" data-id=\"0c895af\" data-element_type=\"widget\" data-e-type=\"widget\" data-widget_type=\"spacer.default\">\n\t\t\t\t<div class=\"elementor-widget-container\">\n\t\t\t\t\t\t\t<div class=\"elementor-spacer\">\n\t\t\t<div class=\"elementor-spacer-inner\"><\/div>\n\t\t<\/div>\n\t\t\t\t\t\t<\/div>\n\t\t\t\t<\/div>\n\t\t\t\t<div class=\"elementor-element elementor-element-478c593 elementor-widget elementor-widget-heading\" data-id=\"478c593\" data-element_type=\"widget\" data-e-type=\"widget\" data-widget_type=\"heading.default\">\n\t\t\t\t<div class=\"elementor-widget-container\">\n\t\t\t\t\t<h1 class=\"elementor-heading-title elementor-size-default\">Aviso legal<\/h1>\t\t\t\t<\/div>\n\t\t\t\t<\/div>\n\t\t\t\t\t<\/div>\n\t\t<\/div>\n\t\t\t\t\t<\/div>\n\t\t<\/section>\n\t\t\t\t<section class=\"elementor-section elementor-top-section elementor-element elementor-element-1d24015 elementor-section-boxed elementor-section-height-default elementor-section-height-default\" data-id=\"1d24015\" data-element_type=\"section\" data-e-type=\"section\">\n\t\t\t\t\t\t<div class=\"elementor-container elementor-column-gap-default\">\n\t\t\t\t\t<div class=\"elementor-column elementor-col-100 elementor-top-column elementor-element elementor-element-42269ba\" data-id=\"42269ba\" data-element_type=\"column\" data-e-type=\"column\">\n\t\t\t<div class=\"elementor-widget-wrap elementor-element-populated\">\n\t\t\t\t\t\t<div class=\"elementor-element elementor-element-1881708 elementor-widget elementor-widget-text-editor\" data-id=\"1881708\" data-element_type=\"widget\" data-e-type=\"widget\" data-widget_type=\"text-editor.default\">\n\t\t\t\t<div class=\"elementor-widget-container\">\n\t\t\t\t\t\t\t\t\t<p>Actualmente est\u00e1s conectado al sitio web \u00abhttps:\/\/www.camping-etang.fr\/\u00bb, editado por la <a href=\"https:\/\/www.terreenvue.fr\/\" target=\"_blank\" rel=\"noopener\">agencia de comunicaci\u00f3n y consultor\u00eda<\/a> Terre en Vue.<br>Denominaci\u00f3n social: eurl Camping de l&#8217;\u00c9tang<br>Domicilio social: 67 route de kerlann &#8211; 56340 Carnac<br>Director: Sr. HAMON Olivier<br>Tel. 02 97 52 14 06<br>Correo electr\u00f3nico: hanatol@wanadoo,fr<br>RCS Lorient B 401678859<br>IVA:<br>Capital social:<\/p><p>Alojamiento web: Elyazal\u00e9e<\/p><p>De conformidad con la Ley de Protecci\u00f3n de Datos del 6 de enero de 1978, tienes derecho a acceder y rectificar tus datos personales.<\/p><h1>Propiedad intelectual<\/h1><p>La totalidad del sitio web Camping de l&#8217;\u00c9tang est\u00e1 protegida por las legislaciones francesas e internacionales relativas a la propiedad intelectual.<br>Todos los derechos de reproducci\u00f3n est\u00e1n reservados, incluso para los documentos descargables. El conjunto de textos, gr\u00e1ficos, iconos, fotograf\u00edas, planos, logotipos, v\u00eddeos, sonidos, marcas (&#8230;) y en general todos los elementos que componen el sitio web Camping de l&#8217;\u00c9tang y el sitio web en s\u00ed mismo no pueden, conforme al art\u00edculo L122-4 del C\u00f3digo de Propiedad Intelectual, ser objeto de ninguna representaci\u00f3n o reproducci\u00f3n, total o parcial, en cualquier soporte, sin la autorizaci\u00f3n expresa y previa de Camping de l&#8217;\u00c9tang. El incumplimiento de esta prohibici\u00f3n constituye un acto de falsificaci\u00f3n que puede dar lugar a responsabilidad civil y\/o penal de su autor. Camping de l&#8217;\u00c9tang se reserva el derecho de emprender acciones legales contra cualquier persona que no haya respetado esta prohibici\u00f3n. Asimismo, est\u00e1 estrictamente prohibido utilizar o reproducir el nombre Camping de l&#8217;\u00c9tang y\/o su logotipo, solos o asociados, en cualquier forma y en cualquier soporte sin el acuerdo previo y por escrito de Camping de l&#8217;\u00c9tang.<\/p><h1>Responsabilidad<\/h1><p>La informaci\u00f3n comunicada en el sitio web se proporciona a t\u00edtulo indicativo, no es contractual y no compromete la responsabilidad de Camping de l&#8217;\u00c9tang. Pueden ser modificadas o actualizadas sin previo aviso. Camping de l&#8217;\u00c9tang se reserva tambi\u00e9n el derecho, en cualquier momento y sin previo aviso, de realizar mejoras y\/o modificaciones en el sitio web. La responsabilidad de Camping de l&#8217;\u00c9tang no podr\u00e1 ser comprometida por:<\/p><ul><li>Los da\u00f1os de cualquier naturaleza, directos o indirectos, resultantes del uso del sitio web Camping de l&#8217;\u00c9tang y especialmente cualquier p\u00e9rdida de explotaci\u00f3n, p\u00e9rdida financiera o comercial, p\u00e9rdida de programas y\/o datos en particular en el sistema de informaci\u00f3n del usuario.<\/li><li>Los da\u00f1os de cualquier naturaleza, directos o indirectos, resultantes del contenido y\/o del uso de los sitios web vinculados al sitio Camping de l&#8217;\u00c9tang o a los que los usuarios pudieran tener acceso a trav\u00e9s del sitio web de Camping de l&#8217;\u00c9tang.<\/li><li>Las omisiones y\/o errores que pudiera contener el sitio web.<\/li><\/ul><h1>Usuarios<\/h1><p>El usuario del presente sitio web es responsable de los da\u00f1os de cualquier naturaleza, materiales o inmateriales, directos o indirectos, causados a cualquier tercero, incluido Camping de l&#8217;\u00c9tang, por el uso o la explotaci\u00f3n il\u00edcita del sitio web Camping de l&#8217;\u00c9tang en s\u00ed mismo y\/o de uno de sus elementos, cualesquiera que sean la causa y el lugar de ocurrencia de estos da\u00f1os, y garantiza a Camping de l&#8217;\u00c9tang contra las consecuencias de las reclamaciones o acciones que pudiera, por este hecho, ser objeto. El usuario del sitio web Camping de l&#8217;\u00c9tang renuncia a ejercer cualquier recurso contra Camping de l&#8217;\u00c9tang en caso de acciones legales iniciadas por un tercero en su contra debido al uso y\/o la explotaci\u00f3n il\u00edcita del sitio web Camping de l&#8217;\u00c9tang.<\/p>\t\t\t\t\t\t\t\t<\/div>\n\t\t\t\t<\/div>\n\t\t\t\t\t<\/div>\n\t\t<\/div>\n\t\t\t\t\t<\/div>\n\t\t<\/section>\n\t\t\t\t<\/div>\n\t\t","protected":false},"excerpt":{"rendered":"<p>Aviso legal Actualmente est\u00e1s conectado al sitio web \u00abhttps:\/\/www.camping-etang.fr\/\u00bb, editado por la agencia de comunicaci\u00f3n y consultor\u00eda Terre en Vue.Denominaci\u00f3n social: eurl Camping de l&#8217;\u00c9tangDomicilio social: 67 route de kerlann &#8211; 56340 CarnacDirector: Sr. HAMON OlivierTel. 02 97 52 14 06Correo electr\u00f3nico: hanatol@wanadoo,frRCS Lorient B 401678859IVA:Capital social: Alojamiento web: Elyazal\u00e9e De conformidad con la Ley [&hellip;]<\/p>\n","protected":false},"author":2,"featured_media":0,"parent":0,"menu_order":0,"comment_status":"closed","ping_status":"closed","template":"elementor_header_footer","meta":{"footnotes":""},"class_list":["post-1155","page","type-page","status-publish","hentry"],"_links":{"self":[{"href":"https:\/\/www.camping-etang.fr\/es\/wp-json\/wp\/v2\/pages\/1155","targetHints":{"allow":["GET"]}}],"collection":[{"href":"https:\/\/www.camping-etang.fr\/es\/wp-json\/wp\/v2\/pages"}],"about":[{"href":"https:\/\/www.camping-etang.fr\/es\/wp-json\/wp\/v2\/types\/page"}],"author":[{"embeddable":true,"href":"https:\/\/www.camping-etang.fr\/es\/wp-json\/wp\/v2\/users\/2"}],"replies":[{"embeddable":true,"href":"https:\/\/www.camping-etang.fr\/es\/wp-json\/wp\/v2\/comments?post=1155"}],"version-history":[{"count":1,"href":"https:\/\/www.camping-etang.fr\/es\/wp-json\/wp\/v2\/pages\/1155\/revisions"}],"predecessor-version":[{"id":1156,"href":"https:\/\/www.camping-etang.fr\/es\/wp-json\/wp\/v2\/pages\/1155\/revisions\/1156"}],"wp:attachment":[{"href":"https:\/\/www.camping-etang.fr\/es\/wp-json\/wp\/v2\/media?parent=1155"}],"curies":[{"name":"wp","href":"https:\/\/api.w.org\/{rel}","templated":true}]}}