{"id":1186,"date":"2020-04-29T09:47:22","date_gmt":"2020-04-29T09:47:22","guid":{"rendered":"https:\/\/www.camping-etang.fr\/impressum\/"},"modified":"2025-10-22T08:00:06","modified_gmt":"2025-10-22T08:00:06","slug":"impressum","status":"publish","type":"page","link":"https:\/\/www.camping-etang.fr\/de\/impressum\/","title":{"rendered":"Impressum"},"content":{"rendered":"\t\t<div data-elementor-type=\"wp-page\" data-elementor-id=\"1186\" class=\"elementor elementor-1186 elementor-10\" data-elementor-post-type=\"page\">\n\t\t\t\t\t\t<section class=\"elementor-section elementor-top-section elementor-element elementor-element-d421994 elementor-section-boxed elementor-section-height-default elementor-section-height-default\" data-id=\"d421994\" data-element_type=\"section\" data-e-type=\"section\">\n\t\t\t\t\t\t<div class=\"elementor-container elementor-column-gap-default\">\n\t\t\t\t\t<div class=\"elementor-column elementor-col-100 elementor-top-column elementor-element elementor-element-08238b5\" data-id=\"08238b5\" data-element_type=\"column\" data-e-type=\"column\">\n\t\t\t<div class=\"elementor-widget-wrap elementor-element-populated\">\n\t\t\t\t\t\t<div class=\"elementor-element elementor-element-0c895af elementor-widget elementor-widget-spacer\" data-id=\"0c895af\" data-element_type=\"widget\" data-e-type=\"widget\" data-widget_type=\"spacer.default\">\n\t\t\t\t<div class=\"elementor-widget-container\">\n\t\t\t\t\t\t\t<div class=\"elementor-spacer\">\n\t\t\t<div class=\"elementor-spacer-inner\"><\/div>\n\t\t<\/div>\n\t\t\t\t\t\t<\/div>\n\t\t\t\t<\/div>\n\t\t\t\t<div class=\"elementor-element elementor-element-478c593 elementor-widget elementor-widget-heading\" data-id=\"478c593\" data-element_type=\"widget\" data-e-type=\"widget\" data-widget_type=\"heading.default\">\n\t\t\t\t<div class=\"elementor-widget-container\">\n\t\t\t\t\t<h1 class=\"elementor-heading-title elementor-size-default\">Impressum<\/h1>\t\t\t\t<\/div>\n\t\t\t\t<\/div>\n\t\t\t\t\t<\/div>\n\t\t<\/div>\n\t\t\t\t\t<\/div>\n\t\t<\/section>\n\t\t\t\t<section class=\"elementor-section elementor-top-section elementor-element elementor-element-1d24015 elementor-section-boxed elementor-section-height-default elementor-section-height-default\" data-id=\"1d24015\" data-element_type=\"section\" data-e-type=\"section\">\n\t\t\t\t\t\t<div class=\"elementor-container elementor-column-gap-default\">\n\t\t\t\t\t<div class=\"elementor-column elementor-col-100 elementor-top-column elementor-element elementor-element-42269ba\" data-id=\"42269ba\" data-element_type=\"column\" data-e-type=\"column\">\n\t\t\t<div class=\"elementor-widget-wrap elementor-element-populated\">\n\t\t\t\t\t\t<div class=\"elementor-element elementor-element-1881708 elementor-widget elementor-widget-text-editor\" data-id=\"1881708\" data-element_type=\"widget\" data-e-type=\"widget\" data-widget_type=\"text-editor.default\">\n\t\t\t\t<div class=\"elementor-widget-container\">\n\t\t\t\t\t\t\t\t\t<p>Sie sind derzeit mit der Website \u201ehttps:\/\/www.camping-etang.fr\/\u201c verbunden, herausgegeben von der <a href=\"https:\/\/www.terreenvue.fr\/\" target=\"_blank\" rel=\"noopener\">Kommunikationsberatungsagentur<\/a> Terre en Vue.<br>Firmenname: eurl Camping de l&#8217;\u00e9tang<br>Sitz der Gesellschaft: 67 route de kerlann &#8211; 56340 Carnac<br>Gesch\u00e4ftsf\u00fchrer: Herr HAMON olivier<br>Tel. 02 97 52 14 06<br>E-Mail-Adresse: hanatol@wanadoo,fr<br>Handelsregister Lorient B 401678859<br>USt-IdNr.:<br>Stammkapital:<\/p><p>Hosting: Elyazal\u00e9e<\/p><p>Gem\u00e4\u00df dem franz\u00f6sischen Datenschutzgesetz vom 6. Januar 1978 haben Sie ein Recht auf Zugang und Berichtigung Ihrer personenbezogenen Daten.<\/p><h1>Geistiges Eigentum<\/h1><p>Die gesamte Website Camping de l&#8217;Etang ist durch franz\u00f6sische und internationale Gesetze zum geistigen Eigentum gesch\u00fctzt.<br>Alle Vervielf\u00e4ltigungsrechte sind vorbehalten, auch f\u00fcr herunterladbare Dokumente. Alle Texte, Grafiken, Icons, Fotografien, Pl\u00e4ne, Logos, Videos, Sounds, Marken (\u2026) und ganz allgemein alle Elemente, aus denen die Website Camping de l&#8217;Etang und die Website selbst bestehen, d\u00fcrfen gem\u00e4\u00df Artikel L122-4 des franz\u00f6sischen Gesetzes \u00fcber geistiges Eigentum ohne die ausdr\u00fcckliche und vorherige Genehmigung von Camping de l&#8217;Etang weder ganz noch teilweise auf irgendeinem Tr\u00e4ger dargestellt oder reproduziert werden. Die Nichtbeachtung dieses Verbots stellt eine F\u00e4lschung dar, die die zivil- und\/oder strafrechtliche Haftung des Urhebers nach sich ziehen kann. Camping de l&#8217;Etang beh\u00e4lt sich das Recht vor, rechtliche Schritte gegen jede Person einzuleiten, die dieses Verbot nicht beachtet hat. Ebenso ist es strengstens untersagt, den Namen Camping de l&#8217;Etang und\/oder sein Logo, allein oder in Verbindung, in irgendeiner Eigenschaft und auf irgendeinem Tr\u00e4ger ohne die vorherige schriftliche Zustimmung von Camping de l&#8217;Etang zu verwenden oder zu reproduzieren.    <\/p><h1>Haftung<\/h1><p>Die auf der Website bereitgestellten Informationen dienen lediglich zu Informationszwecken, sind nicht vertraglich bindend und k\u00f6nnen die Haftung von Camping de l&#8217;Etang nicht begr\u00fcnden. Sie k\u00f6nnen ohne vorherige Ank\u00fcndigung ge\u00e4ndert oder aktualisiert werden. Camping de l&#8217;Etang beh\u00e4lt sich au\u00dferdem das Recht vor, jederzeit und ohne vorherige Ank\u00fcndigung Verbesserungen und\/oder \u00c4nderungen an der Website vorzunehmen. Camping de l&#8217;Etang haftet nicht f\u00fcr:   <\/p><ul><li>Sch\u00e4den jeglicher Art, direkt oder indirekt, die sich aus der Nutzung der Website Camping de l&#8217;Etang ergeben, insbesondere Betriebsverluste, finanzielle oder kommerzielle Verluste, Verlust von Programmen und\/oder Daten, insbesondere im Informationssystem des Nutzers.<\/li><li>Sch\u00e4den jeglicher Art, direkt oder indirekt, die sich aus dem Inhalt und\/oder der Nutzung von Websites ergeben, die mit der Website Camping de l&#8217;Etang verlinkt sind oder auf die Nutzer \u00fcber die Website von Camping de l&#8217;Etang zugreifen k\u00f6nnten.<\/li><li>Auslassungen und\/oder Fehler, die die Website enthalten k\u00f6nnte.<\/li><\/ul><h1>Nutzer<\/h1><p>Der Nutzer dieser Website ist verantwortlich f\u00fcr Sch\u00e4den jeglicher Art, materiell oder immateriell, direkt oder indirekt, die Dritten, einschlie\u00dflich Camping de l&#8217;Etang, durch die Nutzung oder den illegalen Betrieb der Website Camping de l&#8217;Etang selbst und\/oder eines ihrer Elemente entstehen, unabh\u00e4ngig von Ursache und Ort dieser Sch\u00e4den, und stellt Camping de l&#8217;Etang von den Folgen von Anspr\u00fcchen oder Klagen frei, die ihr dadurch entstehen k\u00f6nnten. Der Nutzer der Website Camping de l&#8217;Etang verzichtet auf jegliche Rechtsmittel gegen Camping de l&#8217;Etang im Falle von Klagen Dritter gegen ihn aufgrund der Nutzung und\/oder des illegalen Betriebs der Website Camping de l&#8217;Etang. <\/p>\t\t\t\t\t\t\t\t<\/div>\n\t\t\t\t<\/div>\n\t\t\t\t\t<\/div>\n\t\t<\/div>\n\t\t\t\t\t<\/div>\n\t\t<\/section>\n\t\t\t\t<\/div>\n\t\t","protected":false},"excerpt":{"rendered":"<p>Impressum Sie sind derzeit mit der Website \u201ehttps:\/\/www.camping-etang.fr\/\u201c verbunden, herausgegeben von der Kommunikationsberatungsagentur Terre en Vue.Firmenname: eurl Camping de l&#8217;\u00e9tangSitz der Gesellschaft: 67 route de kerlann &#8211; 56340 CarnacGesch\u00e4ftsf\u00fchrer: Herr HAMON olivierTel. 02 97 52 14 06E-Mail-Adresse: hanatol@wanadoo,frHandelsregister Lorient B 401678859USt-IdNr.:Stammkapital: Hosting: Elyazal\u00e9e Gem\u00e4\u00df dem franz\u00f6sischen Datenschutzgesetz vom 6. Januar 1978 haben Sie ein Recht [&hellip;]<\/p>\n","protected":false},"author":2,"featured_media":0,"parent":0,"menu_order":0,"comment_status":"closed","ping_status":"closed","template":"elementor_header_footer","meta":{"footnotes":""},"class_list":["post-1186","page","type-page","status-publish","hentry"],"_links":{"self":[{"href":"https:\/\/www.camping-etang.fr\/de\/wp-json\/wp\/v2\/pages\/1186","targetHints":{"allow":["GET"]}}],"collection":[{"href":"https:\/\/www.camping-etang.fr\/de\/wp-json\/wp\/v2\/pages"}],"about":[{"href":"https:\/\/www.camping-etang.fr\/de\/wp-json\/wp\/v2\/types\/page"}],"author":[{"embeddable":true,"href":"https:\/\/www.camping-etang.fr\/de\/wp-json\/wp\/v2\/users\/2"}],"replies":[{"embeddable":true,"href":"https:\/\/www.camping-etang.fr\/de\/wp-json\/wp\/v2\/comments?post=1186"}],"version-history":[{"count":1,"href":"https:\/\/www.camping-etang.fr\/de\/wp-json\/wp\/v2\/pages\/1186\/revisions"}],"predecessor-version":[{"id":1187,"href":"https:\/\/www.camping-etang.fr\/de\/wp-json\/wp\/v2\/pages\/1186\/revisions\/1187"}],"wp:attachment":[{"href":"https:\/\/www.camping-etang.fr\/de\/wp-json\/wp\/v2\/media?parent=1186"}],"curies":[{"name":"wp","href":"https:\/\/api.w.org\/{rel}","templated":true}]}}